{"id":88,"date":"2025-07-28T14:51:19","date_gmt":"2025-07-28T14:51:19","guid":{"rendered":"https:\/\/decorticage75.com\/?page_id=88"},"modified":"2025-08-31T21:07:17","modified_gmt":"2025-08-31T21:07:17","slug":"nos-services","status":"publish","type":"page","link":"https:\/\/decorticage75.com\/?page_id=88","title":{"rendered":"Nos services"},"content":{"rendered":"\n<div class=\"wp-block-cover alignfull has-medium-font-size wp-duotone-grayscale\" style=\"border-style:none;border-width:0px;border-radius:0px;min-height:743px;aspect-ratio:unset;\"><img loading=\"lazy\" decoding=\"async\" width=\"1280\" height=\"848\" class=\"wp-block-cover__image-background wp-image-106 size-full\" alt=\"\" src=\"https:\/\/decorticage75.com\/wp-content\/uploads\/2025\/07\/architect-254579_1280.jpg\" style=\"object-position:51% 63%\" data-object-fit=\"cover\" data-object-position=\"51% 63%\" srcset=\"https:\/\/decorticage75.com\/wp-content\/uploads\/2025\/07\/architect-254579_1280.jpg 1280w, https:\/\/decorticage75.com\/wp-content\/uploads\/2025\/07\/architect-254579_1280-300x199.jpg 300w, https:\/\/decorticage75.com\/wp-content\/uploads\/2025\/07\/architect-254579_1280-1024x678.jpg 1024w, https:\/\/decorticage75.com\/wp-content\/uploads\/2025\/07\/architect-254579_1280-768x509.jpg 768w\" sizes=\"auto, (max-width: 1280px) 100vw, 1280px\" \/><span aria-hidden=\"true\" class=\"wp-block-cover__background has-background-dim-80 has-background-dim wp-block-cover__gradient-background has-background-gradient\" style=\"background:linear-gradient(135deg,rgb(6,147,227) 0%,rgb(105,0,0) 40%,rgb(155,81,224) 100%)\"><\/span><div class=\"wp-block-cover__inner-container is-layout-flow wp-block-cover-is-layout-flow\">\n<h2 class=\"wp-block-heading alignwide has-text-align-center has-white-color has-text-color has-ast-global-color-5-color has-link-color wp-elements-b364804a62c6b27766655311d923948c\" style=\"font-size:48px;line-height:1.2\">D\u00e9corticage<\/h2>\n\n\n\n<h2 class=\"wp-block-heading\"><\/h2>\n\n\n\n<p><\/p>\n\n\n\n<ul class=\"wp-block-list\">\n<li>Extraction depuis vos plans (DWG\/PDF)<\/li>\n\n\n\n<li>Rep\u00e8res normalis\u00e9s et \u00e9tiquettes pr\u00eates \u00e0 imprimer<\/li>\n<\/ul>\n<\/div><\/div>\n\n\n\n<div class=\"wp-block-cover alignfull has-medium-font-size wp-duotone-grayscale\" style=\"border-style:none;border-width:0px;border-radius:0px;min-height:743px;aspect-ratio:unset;\"><img loading=\"lazy\" decoding=\"async\" width=\"1280\" height=\"840\" class=\"wp-block-cover__image-background wp-image-121 size-full\" alt=\"\" src=\"https:\/\/decorticage75.com\/wp-content\/uploads\/2025\/07\/blueprint-354233_1280.jpg\" data-object-fit=\"cover\" srcset=\"https:\/\/decorticage75.com\/wp-content\/uploads\/2025\/07\/blueprint-354233_1280.jpg 1280w, https:\/\/decorticage75.com\/wp-content\/uploads\/2025\/07\/blueprint-354233_1280-300x197.jpg 300w, https:\/\/decorticage75.com\/wp-content\/uploads\/2025\/07\/blueprint-354233_1280-1024x672.jpg 1024w, https:\/\/decorticage75.com\/wp-content\/uploads\/2025\/07\/blueprint-354233_1280-768x504.jpg 768w\" sizes=\"auto, (max-width: 1280px) 100vw, 1280px\" \/><span aria-hidden=\"true\" class=\"wp-block-cover__background has-background-dim-80 has-background-dim wp-block-cover__gradient-background has-background-gradient\" style=\"background:linear-gradient(135deg,rgb(230,230,230) 0%,rgb(105,0,0) 40%,rgb(224,81,144) 100%)\"><\/span><div class=\"wp-block-cover__inner-container is-layout-flow wp-block-cover-is-layout-flow\">\n<h2 class=\"wp-block-heading alignwide has-text-align-center has-white-color has-text-color has-ast-global-color-5-color has-link-color wp-elements-f1e81c0ac3baa26c1ac2c00c5a1f9708\" style=\"font-size:48px;line-height:1.2\">Sch\u00e9ma de montage<\/h2>\n\n\n\n<div class=\"wp-block-columns alignwide is-layout-flex wp-container-core-columns-is-layout-28f84493 wp-block-columns-is-layout-flex\">\n<div class=\"wp-block-column is-layout-flow wp-block-column-is-layout-flow\">\n<p><\/p>\n\n\n\n<ul class=\"wp-block-list\">\n<li>Vues annot\u00e9es et s\u00e9quenc\u00e9es<\/li>\n\n\n\n<li>Rep\u00e8res li\u00e9s au d\u00e9corticage<\/li>\n\n\n\n<li>Consignes simples de pose<\/li>\n<\/ul>\n<\/div>\n<\/div>\n<\/div><\/div>\n","protected":false},"excerpt":{"rendered":"","protected":false},"author":1,"featured_media":0,"parent":0,"menu_order":0,"comment_status":"closed","ping_status":"closed","template":"","meta":{"site-sidebar-layout":"default","site-content-layout":"","ast-site-content-layout":"default","site-content-style":"default","site-sidebar-style":"default","ast-global-header-display":"","ast-banner-title-visibility":"","ast-main-header-display":"","ast-hfb-above-header-display":"","ast-hfb-below-header-display":"","ast-hfb-mobile-header-display":"","site-post-title":"disabled","ast-breadcrumbs-content":"","ast-featured-img":"","footer-sml-layout":"","theme-transparent-header-meta":"","adv-header-id-meta":"","stick-header-meta":"","header-above-stick-meta":"","header-main-stick-meta":"","header-below-stick-meta":"","astra-migrate-meta-layouts":"default","ast-page-background-enabled":"default","ast-page-background-meta":{"desktop":{"background-color":"var(--ast-global-color-5)","background-image":"","background-repeat":"repeat","background-position":"center center","background-size":"auto","background-attachment":"scroll","background-type":"","background-media":"","overlay-type":"","overlay-color":"","overlay-opacity":"","overlay-gradient":""},"tablet":{"background-color":"","background-image":"","background-repeat":"repeat","background-position":"center center","background-size":"auto","background-attachment":"scroll","background-type":"","background-media":"","overlay-type":"","overlay-color":"","overlay-opacity":"","overlay-gradient":""},"mobile":{"background-color":"","background-image":"","background-repeat":"repeat","background-position":"center center","background-size":"auto","background-attachment":"scroll","background-type":"","background-media":"","overlay-type":"","overlay-color":"","overlay-opacity":"","overlay-gradient":""}},"ast-content-background-meta":{"desktop":{"background-color":"var(--ast-global-color-4)","background-image":"","background-repeat":"repeat","background-position":"center center","background-size":"auto","background-attachment":"scroll","background-type":"","background-media":"","overlay-type":"","overlay-color":"","overlay-opacity":"","overlay-gradient":""},"tablet":{"background-color":"var(--ast-global-color-4)","background-image":"","background-repeat":"repeat","background-position":"center center","background-size":"auto","background-attachment":"scroll","background-type":"","background-media":"","overlay-type":"","overlay-color":"","overlay-opacity":"","overlay-gradient":""},"mobile":{"background-color":"var(--ast-global-color-4)","background-image":"","background-repeat":"repeat","background-position":"center center","background-size":"auto","background-attachment":"scroll","background-type":"","background-media":"","overlay-type":"","overlay-color":"","overlay-opacity":"","overlay-gradient":""}},"footnotes":""},"class_list":["post-88","page","type-page","status-publish","hentry"],"_links":{"self":[{"href":"https:\/\/decorticage75.com\/index.php?rest_route=\/wp\/v2\/pages\/88","targetHints":{"allow":["GET"]}}],"collection":[{"href":"https:\/\/decorticage75.com\/index.php?rest_route=\/wp\/v2\/pages"}],"about":[{"href":"https:\/\/decorticage75.com\/index.php?rest_route=\/wp\/v2\/types\/page"}],"author":[{"embeddable":true,"href":"https:\/\/decorticage75.com\/index.php?rest_route=\/wp\/v2\/users\/1"}],"replies":[{"embeddable":true,"href":"https:\/\/decorticage75.com\/index.php?rest_route=%2Fwp%2Fv2%2Fcomments&post=88"}],"version-history":[{"count":11,"href":"https:\/\/decorticage75.com\/index.php?rest_route=\/wp\/v2\/pages\/88\/revisions"}],"predecessor-version":[{"id":148,"href":"https:\/\/decorticage75.com\/index.php?rest_route=\/wp\/v2\/pages\/88\/revisions\/148"}],"wp:attachment":[{"href":"https:\/\/decorticage75.com\/index.php?rest_route=%2Fwp%2Fv2%2Fmedia&parent=88"}],"curies":[{"name":"wp","href":"https:\/\/api.w.org\/{rel}","templated":true}]}}