{"id":7,"date":"2025-07-27T21:46:29","date_gmt":"2025-07-27T21:46:29","guid":{"rendered":"http:\/\/decorticage75.com\/?page_id=7"},"modified":"2025-07-28T20:59:42","modified_gmt":"2025-07-28T20:59:42","slug":"home","status":"publish","type":"page","link":"https:\/\/decorticage75.com\/","title":{"rendered":"Accueil"},"content":{"rendered":"\n<div class=\"wp-block-cover alignfull\" style=\"min-height:720px;aspect-ratio:unset;\"><img loading=\"lazy\" decoding=\"async\" width=\"1920\" height=\"1280\" class=\"wp-block-cover__image-background wp-image-49 size-full\" alt=\"\" src=\"https:\/\/decorticage75.com\/wp-content\/uploads\/2025\/07\/paper-3225109_1920.jpg\" data-object-fit=\"cover\" srcset=\"https:\/\/decorticage75.com\/wp-content\/uploads\/2025\/07\/paper-3225109_1920.jpg 1920w, https:\/\/decorticage75.com\/wp-content\/uploads\/2025\/07\/paper-3225109_1920-300x200.jpg 300w, https:\/\/decorticage75.com\/wp-content\/uploads\/2025\/07\/paper-3225109_1920-1024x683.jpg 1024w, https:\/\/decorticage75.com\/wp-content\/uploads\/2025\/07\/paper-3225109_1920-768x512.jpg 768w, https:\/\/decorticage75.com\/wp-content\/uploads\/2025\/07\/paper-3225109_1920-1536x1024.jpg 1536w\" sizes=\"auto, (max-width: 1920px) 100vw, 1920px\" \/><span aria-hidden=\"true\" class=\"wp-block-cover__background has-background-dim-80 has-background-dim wp-block-cover__gradient-background has-background-gradient has-very-light-gray-to-cyan-bluish-gray-gradient-background\"><\/span><div class=\"wp-block-cover__inner-container is-layout-flow wp-block-cover-is-layout-flow\">\n<div class=\"inherit-container-width wp-block-group alignwide is-layout-constrained wp-block-group-is-layout-constrained\">\n<div class=\"wp-block-media-text alignwide has-media-on-the-right is-vertically-aligned-top\" style=\"grid-template-columns:auto 27%\"><div class=\"wp-block-media-text__content\">\n<h1 class=\"wp-block-heading alignfull has-text-align-left has-text-color\" style=\"color:#2a345c\">Votre partenaire en d\u00e9corticage de plans armatures <\/h1>\n\n\n\n<p class=\"has-ast-global-color-2-color has-text-color has-link-color wp-elements-88a1dc4d8ec7df6d8cf954d0fc78bd0c\"><strong>Nous traitons vos plans, g\u00e9n\u00e9rons les \u00e9tiquettes et vous livrons des fichiers pr\u00eats pour l\u2019atelier.<\/strong><\/p>\n\n\n\n<div class=\"wp-block-buttons is-layout-flex wp-block-buttons-is-layout-flex\">\n<div class=\"wp-block-button is-style-fill\"><a class=\"wp-block-button__link has-ast-global-color-6-color has-text-color has-background has-link-color wp-element-button\" href=\"#\" style=\"background:linear-gradient(135deg,rgb(42,52,92) 0%,rgb(242,167,30) 100%)\">En savoir plus<\/a><\/div>\n<\/div>\n<\/div><figure class=\"wp-block-media-text__media\"><\/figure><\/div>\n<\/div>\n<\/div><\/div>\n\n\n\n<div class=\"wp-block-group alignfull has-ast-global-color-5-background-color has-background is-layout-constrained wp-block-group-is-layout-constrained\" style=\"padding-bottom:0px\">\n<div class=\"wp-block-columns are-vertically-aligned-top is-layout-flex wp-container-core-columns-is-layout-c0fe22eb wp-block-columns-is-layout-flex\" style=\"margin-top:var(--wp--preset--spacing--40);margin-bottom:var(--wp--preset--spacing--40)\">\n<div class=\"wp-block-column is-vertically-aligned-top is-layout-flow wp-container-core-column-is-layout-6b73ce23 wp-block-column-is-layout-flow\">\n<h3 class=\"wp-block-heading has-text-align-left\" style=\"margin-top:16px\">\ud83d\udcc1 <strong>R\u00e9ception de vos plans<\/strong><\/h3>\n\n\n\n<p class=\"has-text-align-left\">Nous recevons vos plans (PDF, DWG, ZIP\u2026) <\/p>\n<\/div>\n\n\n\n<div class=\"wp-block-column is-vertically-aligned-top is-layout-flow wp-container-core-column-is-layout-6b73ce23 wp-block-column-is-layout-flow\">\n<h3 class=\"wp-block-heading has-text-align-left\" style=\"margin-top:16px\">\ud83c\udff7\ufe0f <strong>Organisation &amp; \u00e9tiquetage<\/strong><\/h3>\n\n\n\n<p class=\"has-text-align-left\">Nous trions et \u00e9tiquetons chaque \u00e9l\u00e9ment (poutres, poteaux, linteaux\u2026) de fa\u00e7on claire et lisible.<\/p>\n<\/div>\n\n\n\n<div class=\"wp-block-column is-vertically-aligned-top is-layout-flow wp-container-core-column-is-layout-6b73ce23 wp-block-column-is-layout-flow\">\n<h3 class=\"wp-block-heading has-text-align-left\" style=\"margin-top:16px\">\ud83d\udcc4 <strong>Fichiers pr\u00eats pour l&rsquo;atelier<\/strong><\/h3>\n\n\n\n<p class=\"has-text-align-left\">Vos fichiers sont structur\u00e9s et export\u00e9s pour un usage direct \u00e0 l\u2019atelier, sans perte de temps..<\/p>\n<\/div>\n\n\n\n<div class=\"wp-block-column is-vertically-aligned-top is-layout-flow wp-container-core-column-is-layout-6b73ce23 wp-block-column-is-layout-flow\">\n<h3 class=\"wp-block-heading has-text-align-left\" style=\"margin-top:16px\">\u23f1\ufe0f <strong>Gain de temps &amp; r\u00e9duction d\u2019erreurs<\/strong><\/h3>\n\n\n\n<p class=\"has-text-align-left\">Optimisez votre production en \u00e9vitant les oublis et les confusions sur le chantier.<\/p>\n<\/div>\n<\/div>\n<\/div>\n\n\n\n<div class=\"wp-block-group alignfull has-ast-global-color-5-background-color has-background is-layout-constrained wp-block-group-is-layout-constrained\" id=\"about\" style=\"padding-top:0px;padding-bottom:0px\">\n<div class=\"wp-block-media-text has-media-on-the-right is-stacked-on-mobile is-vertically-aligned-center\" style=\"grid-template-columns:auto 48%\"><div class=\"wp-block-media-text__content\">\n<div class=\"inherit-container-width wp-block-group is-layout-constrained wp-container-core-group-is-layout-47ce07ec wp-block-group-is-layout-constrained\" style=\"padding-right:80px\">\n<h2 class=\"wp-block-heading\" style=\"padding-right:40px\">Un service cl\u00e9 en main, sans logiciel n\u00e9cessaire<\/h2>\n\n\n\n<p>Nous traitons vos plans avec nos propres outils. Recevez vos fichiers \u00e9tiquet\u00e9s et pr\u00eats \u00e0 produire directement par e-mail.<\/p>\n<\/div>\n<\/div><figure class=\"wp-block-media-text__media\"><img loading=\"lazy\" decoding=\"async\" width=\"1024\" height=\"683\" src=\"https:\/\/decorticage75.com\/wp-content\/uploads\/2025\/07\/portrait-d-un-ingenieur-travaillant-sur-le-terrain-pour-la-celebration-de-la-journee-des-ingenieurs-1024x683.jpg\" alt=\"\" class=\"wp-image-139 size-full\" srcset=\"https:\/\/decorticage75.com\/wp-content\/uploads\/2025\/07\/portrait-d-un-ingenieur-travaillant-sur-le-terrain-pour-la-celebration-de-la-journee-des-ingenieurs-1024x683.jpg 1024w, https:\/\/decorticage75.com\/wp-content\/uploads\/2025\/07\/portrait-d-un-ingenieur-travaillant-sur-le-terrain-pour-la-celebration-de-la-journee-des-ingenieurs-300x200.jpg 300w, https:\/\/decorticage75.com\/wp-content\/uploads\/2025\/07\/portrait-d-un-ingenieur-travaillant-sur-le-terrain-pour-la-celebration-de-la-journee-des-ingenieurs-768x512.jpg 768w, https:\/\/decorticage75.com\/wp-content\/uploads\/2025\/07\/portrait-d-un-ingenieur-travaillant-sur-le-terrain-pour-la-celebration-de-la-journee-des-ingenieurs-1536x1024.jpg 1536w, https:\/\/decorticage75.com\/wp-content\/uploads\/2025\/07\/portrait-d-un-ingenieur-travaillant-sur-le-terrain-pour-la-celebration-de-la-journee-des-ingenieurs-2048x1365.jpg 2048w\" sizes=\"auto, (max-width: 1024px) 100vw, 1024px\" \/><\/figure><\/div>\n<\/div>\n\n\n\n<div class=\"wp-block-group alignwide is-layout-constrained wp-container-core-group-is-layout-b9500c74 wp-block-group-is-layout-constrained\" id=\"whyus\" style=\"padding-top:16px;padding-bottom:16px\">\n<h2 class=\"wp-block-heading\">Pourquoi nous choisir ?<\/h2>\n\n\n\n<div class=\"wp-block-columns is-layout-flex wp-container-core-columns-is-layout-cecba873 wp-block-columns-is-layout-flex\" style=\"margin-top:60px\">\n<div class=\"wp-block-column is-layout-flow wp-container-core-column-is-layout-6b73ce23 wp-block-column-is-layout-flow\">\n<figure class=\"wp-block-image size-large\"><img decoding=\"async\" src=\"http:\/\/decorticage75.com\/wp-content\/themes\/astra\/inc\/assets\/images\/starter-content\/passionate.svg\" alt=\"\" class=\"wp-image-162\"\/><\/figure>\n\n\n\n<h3 class=\"wp-block-heading\" style=\"margin-top:16px\">Expertise m\u00e9tier<\/h3>\n\n\n\n<p>Une ma\u00eetrise compl\u00e8te du d\u00e9corticage pour ateliers de ferraillage, adapt\u00e9e \u00e0 vos besoins sp\u00e9cifiques.<\/p>\n<\/div>\n\n\n\n<div class=\"wp-block-column is-layout-flow wp-container-core-column-is-layout-6b73ce23 wp-block-column-is-layout-flow\">\n<figure class=\"wp-block-image size-large\"><img decoding=\"async\" src=\"http:\/\/decorticage75.com\/wp-content\/themes\/astra\/inc\/assets\/images\/starter-content\/professional.svg\" alt=\"\" class=\"wp-image-163\"\/><\/figure>\n\n\n\n<h3 class=\"wp-block-heading\" style=\"margin-top:16px\">Qualit\u00e9 &amp; pr\u00e9cision<\/h3>\n\n\n\n<p>Chaque plan est trait\u00e9 avec rigueur : tri, \u00e9tiquetage et organisation sans erreur.<\/p>\n<\/div>\n\n\n\n<div class=\"wp-block-column is-layout-flow wp-container-core-column-is-layout-6b73ce23 wp-block-column-is-layout-flow\">\n<figure class=\"wp-block-image size-large\"><img decoding=\"async\" src=\"http:\/\/decorticage75.com\/wp-content\/themes\/astra\/inc\/assets\/images\/starter-content\/support.svg\" alt=\"\" class=\"wp-image-164\"\/><\/figure>\n\n\n\n<h3 class=\"wp-block-heading\" style=\"margin-top:16px\">R\u00e9activit\u00e9 &amp; suivi<\/h3>\n\n\n\n<p>Nous vous r\u00e9pondons rapidement et suivons vos projets jusqu&rsquo;\u00e0 la production finale.<\/p>\n<\/div>\n<\/div>\n<\/div>\n\n\n\n<div class=\"wp-block-group alignfull is-layout-constrained wp-container-core-group-is-layout-cfcca693 wp-block-group-is-layout-constrained has-background\" id=\"contact\" style=\"padding-top:104px;padding-bottom:104px;background-image:url(&apos;http:\/\/decorticage75.com\/wp-content\/uploads\/2025\/07\/2149139106.jpg&apos;);background-size:cover;\">\n<h2 class=\"wp-block-heading has-text-align-center has-ast-global-color-8-color has-text-color\">Discutez d\u00e8s maintenant avec un conseiller pour en savoir plus.<\/h2>\n\n\n\n<div class=\"wp-block-buttons alignwide is-horizontal is-content-justification-center is-layout-flex wp-container-core-buttons-is-layout-bba8380a wp-block-buttons-is-layout-flex\" style=\"margin-top:50px\">\n<div class=\"wp-block-button\"><a class=\"wp-block-button__link wp-element-button\" href=\"tel:+33972132541\">Appelez nous<\/a><\/div>\n<\/div>\n<\/div>\n\n\n\n<div class=\"wp-block-group alignfull has-contrast-color has-text-color is-vertical is-content-justification-center is-layout-flex wp-container-core-group-is-layout-f306f087 wp-block-group-is-layout-flex\" style=\"min-height:40vh;margin-top:0;margin-bottom:0;padding-top:var(--wp--preset--spacing--60);padding-right:var(--wp--preset--spacing--50);padding-bottom:var(--wp--preset--spacing--60);padding-left:var(--wp--preset--spacing--50)\"><div style=\"margin-bottom:6px;\" class=\"aligncenter wp-block-site-logo\"><a href=\"https:\/\/decorticage75.com\/\" class=\"custom-logo-link\" rel=\"home\"><img loading=\"lazy\" decoding=\"async\" width=\"120\" height=\"14\" src=\"https:\/\/decorticage75.com\/wp-content\/uploads\/2025\/07\/Asset-1@4x-414x49.png\" class=\"custom-logo\" alt=\"D\u00e9corticage75\" srcset=\"https:\/\/decorticage75.com\/wp-content\/uploads\/2025\/07\/Asset-1@4x.png 2255w, https:\/\/decorticage75.com\/wp-content\/uploads\/2025\/07\/Asset-1@4x-300x36.png 300w, https:\/\/decorticage75.com\/wp-content\/uploads\/2025\/07\/Asset-1@4x-1024x121.png 1024w, https:\/\/decorticage75.com\/wp-content\/uploads\/2025\/07\/Asset-1@4x-768x91.png 768w, https:\/\/decorticage75.com\/wp-content\/uploads\/2025\/07\/Asset-1@4x-1536x182.png 1536w, https:\/\/decorticage75.com\/wp-content\/uploads\/2025\/07\/Asset-1@4x-2048x242.png 2048w, https:\/\/decorticage75.com\/wp-content\/uploads\/2025\/07\/Asset-1@4x-414x49.png 414w\" sizes=\"auto, (max-width: 120px) 100vw, 120px\" \/><\/a><\/div>\n\n\n<p class=\"has-text-align-center has-medium-font-size\">2025 <\/p>\n\n\n\n<p><\/p>\n\n\n\n<ul class=\"wp-block-social-links has-normal-icon-size is-style-logos-only is-nowrap is-layout-flex wp-container-core-social-links-is-layout-65900438 wp-block-social-links-is-layout-flex\">\n\n<li class=\"wp-social-link wp-social-link-mail  wp-block-social-link\"><a href=\"mailto:c&#111;n&#116;&#097;c&#116;&#064;deco&#114;&#116;i&#099;&#097;&#103;e&#055;&#053;.co&#109;\" class=\"wp-block-social-link-anchor\"><svg width=\"24\" height=\"24\" viewBox=\"0 0 24 24\" version=\"1.1\" xmlns=\"http:\/\/www.w3.org\/2000\/svg\" aria-hidden=\"true\" focusable=\"false\"><path d=\"M19,5H5c-1.1,0-2,.9-2,2v10c0,1.1.9,2,2,2h14c1.1,0,2-.9,2-2V7c0-1.1-.9-2-2-2zm.5,12c0,.3-.2.5-.5.5H5c-.3,0-.5-.2-.5-.5V9.8l7.5,5.6,7.5-5.6V17zm0-9.1L12,13.6,4.5,7.9V7c0-.3.2-.5.5-.5h14c.3,0,.5.2.5.5v.9z\"><\/path><\/svg><span class=\"wp-block-social-link-label screen-reader-text\">E-mail<\/span><\/a><\/li><\/ul>\n<\/div>\n","protected":false},"excerpt":{"rendered":"<p>\ud83d\udcc1 R\u00e9ception de vos plans Nous recevons vos plans (PDF, DWG, ZIP\u2026) \ud83c\udff7\ufe0f Organisation &amp; \u00e9tiquetage Nous trions et \u00e9tiquetons [&hellip;]<\/p>\n","protected":false},"author":1,"featured_media":0,"parent":0,"menu_order":0,"comment_status":"closed","ping_status":"closed","template":"","meta":{"site-sidebar-layout":"no-sidebar","site-content-layout":"plain-container","ast-site-content-layout":"default","site-content-style":"default","site-sidebar-style":"default","ast-global-header-display":"","ast-banner-title-visibility":"","ast-main-header-display":"","ast-hfb-above-header-display":"","ast-hfb-below-header-display":"","ast-hfb-mobile-header-display":"","site-post-title":"disabled","ast-breadcrumbs-content":"","ast-featured-img":"","footer-sml-layout":"","theme-transparent-header-meta":"enabled","adv-header-id-meta":"","stick-header-meta":"","header-above-stick-meta":"","header-main-stick-meta":"","header-below-stick-meta":"","astra-migrate-meta-layouts":"default","ast-page-background-enabled":"default","ast-page-background-meta":{"desktop":{"background-color":"var(--ast-global-color-5)","background-image":"","background-repeat":"repeat","background-position":"center center","background-size":"auto","background-attachment":"scroll","background-type":"","background-media":"","overlay-type":"","overlay-color":"","overlay-opacity":"","overlay-gradient":""},"tablet":{"background-color":"","background-image":"","background-repeat":"repeat","background-position":"center center","background-size":"auto","background-attachment":"scroll","background-type":"","background-media":"","overlay-type":"","overlay-color":"","overlay-opacity":"","overlay-gradient":""},"mobile":{"background-color":"","background-image":"","background-repeat":"repeat","background-position":"center center","background-size":"auto","background-attachment":"scroll","background-type":"","background-media":"","overlay-type":"","overlay-color":"","overlay-opacity":"","overlay-gradient":""}},"ast-content-background-meta":{"desktop":{"background-color":"var(--ast-global-color-4)","background-image":"","background-repeat":"repeat","background-position":"center center","background-size":"auto","background-attachment":"scroll","background-type":"","background-media":"","overlay-type":"","overlay-color":"","overlay-opacity":"","overlay-gradient":""},"tablet":{"background-color":"var(--ast-global-color-4)","background-image":"","background-repeat":"repeat","background-position":"center center","background-size":"auto","background-attachment":"scroll","background-type":"","background-media":"","overlay-type":"","overlay-color":"","overlay-opacity":"","overlay-gradient":""},"mobile":{"background-color":"var(--ast-global-color-4)","background-image":"","background-repeat":"repeat","background-position":"center center","background-size":"auto","background-attachment":"scroll","background-type":"","background-media":"","overlay-type":"","overlay-color":"","overlay-opacity":"","overlay-gradient":""}},"footnotes":""},"class_list":["post-7","page","type-page","status-publish","hentry"],"_links":{"self":[{"href":"https:\/\/decorticage75.com\/index.php?rest_route=\/wp\/v2\/pages\/7","targetHints":{"allow":["GET"]}}],"collection":[{"href":"https:\/\/decorticage75.com\/index.php?rest_route=\/wp\/v2\/pages"}],"about":[{"href":"https:\/\/decorticage75.com\/index.php?rest_route=\/wp\/v2\/types\/page"}],"author":[{"embeddable":true,"href":"https:\/\/decorticage75.com\/index.php?rest_route=\/wp\/v2\/users\/1"}],"replies":[{"embeddable":true,"href":"https:\/\/decorticage75.com\/index.php?rest_route=%2Fwp%2Fv2%2Fcomments&post=7"}],"version-history":[{"count":38,"href":"https:\/\/decorticage75.com\/index.php?rest_route=\/wp\/v2\/pages\/7\/revisions"}],"predecessor-version":[{"id":150,"href":"https:\/\/decorticage75.com\/index.php?rest_route=\/wp\/v2\/pages\/7\/revisions\/150"}],"wp:attachment":[{"href":"https:\/\/decorticage75.com\/index.php?rest_route=%2Fwp%2Fv2%2Fmedia&parent=7"}],"curies":[{"name":"wp","href":"https:\/\/api.w.org\/{rel}","templated":true}]}}